{"id":9,"date":"2020-03-08T15:53:16","date_gmt":"2020-03-08T14:53:16","guid":{"rendered":"http:\/\/www.federnleicht.de\/blog\/?page_id=9"},"modified":"2022-01-31T16:20:34","modified_gmt":"2022-01-31T15:20:34","slug":"ueber-uns","status":"publish","type":"page","link":"http:\/\/www.nicis-kreative-inspirationen.de\/blog\/ueber-uns\/","title":{"rendered":"Das bin ich"},"content":{"rendered":"\n<p class=\"has-text-align-center\"> <br><\/p>\n\n\n\n<figure class=\"wp-block-table aligncenter\"><table><tbody><tr><td><img loading=\"lazy\" width=\"1080\" height=\"1080\" class=\"wp-image-7127\" style=\"width: 350px;\" src=\"http:\/\/www.nicis-kreative-inspirationen.de\/blog\/wp-content\/uploads\/2021\/12\/Profilbild-Nicole-Eisfeld-unabhaengige-Stampin-Up-Demonstratorin.png\" alt=\"\" srcset=\"http:\/\/www.nicis-kreative-inspirationen.de\/blog\/wp-content\/uploads\/2021\/12\/Profilbild-Nicole-Eisfeld-unabhaengige-Stampin-Up-Demonstratorin.png 1080w, http:\/\/www.nicis-kreative-inspirationen.de\/blog\/wp-content\/uploads\/2021\/12\/Profilbild-Nicole-Eisfeld-unabhaengige-Stampin-Up-Demonstratorin-300x300.png 300w, http:\/\/www.nicis-kreative-inspirationen.de\/blog\/wp-content\/uploads\/2021\/12\/Profilbild-Nicole-Eisfeld-unabhaengige-Stampin-Up-Demonstratorin-1024x1024.png 1024w, http:\/\/www.nicis-kreative-inspirationen.de\/blog\/wp-content\/uploads\/2021\/12\/Profilbild-Nicole-Eisfeld-unabhaengige-Stampin-Up-Demonstratorin-150x150.png 150w, http:\/\/www.nicis-kreative-inspirationen.de\/blog\/wp-content\/uploads\/2021\/12\/Profilbild-Nicole-Eisfeld-unabhaengige-Stampin-Up-Demonstratorin-768x768.png 768w, http:\/\/www.nicis-kreative-inspirationen.de\/blog\/wp-content\/uploads\/2021\/12\/Profilbild-Nicole-Eisfeld-unabhaengige-Stampin-Up-Demonstratorin-60x60.png 60w, http:\/\/www.nicis-kreative-inspirationen.de\/blog\/wp-content\/uploads\/2021\/12\/Profilbild-Nicole-Eisfeld-unabhaengige-Stampin-Up-Demonstratorin-250x250.png 250w, http:\/\/www.nicis-kreative-inspirationen.de\/blog\/wp-content\/uploads\/2021\/12\/Profilbild-Nicole-Eisfeld-unabhaengige-Stampin-Up-Demonstratorin-600x600.png 600w\" sizes=\"(max-width: 1080px) 100vw, 1080px\" \/><\/td><td class=\"has-text-align-center\" data-align=\"center\"><img loading=\"lazy\" width=\"1500\" height=\"300\" class=\"wp-image-7129\" style=\"width: 500px;\" src=\"http:\/\/www.nicis-kreative-inspirationen.de\/blog\/wp-content\/uploads\/2021\/12\/Rosa-und-Braun-Wasserfarbe-Klecks-Monogramm-Privat-Umschlag-Persoenliche-Visitenkarte-Banner-Querformat-1.png\" alt=\"\" srcset=\"http:\/\/www.nicis-kreative-inspirationen.de\/blog\/wp-content\/uploads\/2021\/12\/Rosa-und-Braun-Wasserfarbe-Klecks-Monogramm-Privat-Umschlag-Persoenliche-Visitenkarte-Banner-Querformat-1.png 1500w, http:\/\/www.nicis-kreative-inspirationen.de\/blog\/wp-content\/uploads\/2021\/12\/Rosa-und-Braun-Wasserfarbe-Klecks-Monogramm-Privat-Umschlag-Persoenliche-Visitenkarte-Banner-Querformat-1-300x60.png 300w, http:\/\/www.nicis-kreative-inspirationen.de\/blog\/wp-content\/uploads\/2021\/12\/Rosa-und-Braun-Wasserfarbe-Klecks-Monogramm-Privat-Umschlag-Persoenliche-Visitenkarte-Banner-Querformat-1-1024x205.png 1024w, http:\/\/www.nicis-kreative-inspirationen.de\/blog\/wp-content\/uploads\/2021\/12\/Rosa-und-Braun-Wasserfarbe-Klecks-Monogramm-Privat-Umschlag-Persoenliche-Visitenkarte-Banner-Querformat-1-768x154.png 768w, http:\/\/www.nicis-kreative-inspirationen.de\/blog\/wp-content\/uploads\/2021\/12\/Rosa-und-Braun-Wasserfarbe-Klecks-Monogramm-Privat-Umschlag-Persoenliche-Visitenkarte-Banner-Querformat-1-250x50.png 250w, http:\/\/www.nicis-kreative-inspirationen.de\/blog\/wp-content\/uploads\/2021\/12\/Rosa-und-Braun-Wasserfarbe-Klecks-Monogramm-Privat-Umschlag-Persoenliche-Visitenkarte-Banner-Querformat-1-600x120.png 600w\" sizes=\"(max-width: 1500px) 100vw, 1500px\" \/><br><strong>Als Kreativ-Coach und unabh\u00e4ngige Stampin\u00b4Up! Demonstratorin zeige ich Dir, <br>wie du mit Leichtigkeit und Freude Deine Kreativit\u00e4t entdeckst und auf Dein n\u00e4chstes Level bringst &#8230;<\/strong><br><br><strong>ERFOLGREICH &#8211; KREATIV<\/strong><br><br><br>&#8230; und das selbst dann, wenn du gerade erst am Anfang stehst <br>und deine ersten Schritte gehst.<br><br><\/td><\/tr><\/tbody><\/table><\/figure>\n\n\n\n<p><strong>Schon als Kind habe ich es gliebt, zu stempeln.<\/strong><\/p>\n\n\n\n<p>Ich wei\u00df noch, dass ich mit Hingabe meine Holzstempel mit sch\u00f6nen M\u00e4rchenmotiven bald t\u00e4glich in der Hand hatte. Stundenlang konnte ich mich damit besch\u00e4ftigen und liebte es, die Motive mit Farbe zum Leben zu erwecken.<\/p>\n\n\n\n<p><strong>Meine Liebe zur Kreativit\u00e4t begleitet mich schon mein ganzes Leben.<\/strong><\/p>\n\n\n\n<p>Ich konnte nie genug davon bekommen, neue Dinge auszuprobieren und lieben zu lernen. Ob Handarbeiten, Malen oder Quilling, meine H\u00e4nde und mein Kopf waren immerzu damit besch\u00e4ftigt, Neues zu lernen und auch gleich umzusetzen.<\/p>\n\n\n\n<p>Und glaub mir, nicht immer war ich dabei gl\u00fccklich und erfolgreich. Viele Werke verschwanden ungesehen, weil sie mir nicht gefallen haben, weil ich unzufrieden war.<\/p>\n\n\n\n<p>Doch habe ich nie aufgegeben. Voller Begeisterung machte ich weiter, probierte, experimentierte und lie\u00df mich durch das Internet inspirieren, fand neue Ideen und \u2026<\/p>\n\n\n\n<p><strong>\u2026 stie\u00df bei meinen \u201eStreifz\u00fcgen\u201c eines Tages wieder auf meine erste Liebe \u2013 das Stempeln \u2013<\/strong><\/p>\n\n\n\n<p>Seither, l\u00e4sst es mich nicht mehr los und begleitet mich durch mein Leben. Es schenkt mir die Freiheit, mich selbst zu verwirklichen, zu entspannen und mein Wissen dar\u00fcber zu teilen.<\/p>\n\n\n\n<p>\u2013 Ich bin nicht kreativ \u2013 ich kann das sowieso nicht \u2013 es gef\u00e4llt mir einfach nicht \u2013<\/p>\n\n\n\n<p>Wenn dir diese Worte bekannt vorkommen, dann kann ich dir hier und jetzt sagen, dass ist Quatsch.<\/p>\n\n\n\n<p>Dir fehlte bisher nur Jemand, der dir ganz in Ruhe, mit Geduld und in deinem Tempo genau zeigt, wie es funktioniert. Ein Partner, der dich versteht, bei dir ist und dich auf deinem Weg in deinen kreativen Erfolg begleitet.<\/p>\n\n\n\n<p><strong>Mein Wunsch f\u00fcr dich, dass du mit Leichtigkeit und Spa\u00df und Stempeln, Stanzen und Papier erfolgreich kreativ und gl\u00fccklich bist.<\/strong><\/p>\n\n\n\n<p><\/p>\n\n\n\n<hr class=\"wp-block-separator\"\/>\n\n\n\n<p><\/p>\n","protected":false},"excerpt":{"rendered":"<p>Als Kreativ-Coach und unabh\u00e4ngige Stampin\u00b4Up! Demonstratorin zeige ich Dir, wie du mit Leichtigkeit und Freude Deine Kreativit\u00e4t entdeckst und auf Dein n\u00e4chstes Level bringst &#8230; ERFOLGREICH &#8211; KREATIV &#8230; und das selbst dann, wenn du gerade erst am Anfang stehst und deine ersten Schritte gehst. Schon als Kind habe ich es gliebt, zu stempeln. Ich &hellip; <\/p>\n","protected":false},"author":1,"featured_media":0,"parent":0,"menu_order":0,"comment_status":"closed","ping_status":"closed","template":"","meta":[],"_links":{"self":[{"href":"http:\/\/www.nicis-kreative-inspirationen.de\/blog\/wp-json\/wp\/v2\/pages\/9"}],"collection":[{"href":"http:\/\/www.nicis-kreative-inspirationen.de\/blog\/wp-json\/wp\/v2\/pages"}],"about":[{"href":"http:\/\/www.nicis-kreative-inspirationen.de\/blog\/wp-json\/wp\/v2\/types\/page"}],"author":[{"embeddable":true,"href":"http:\/\/www.nicis-kreative-inspirationen.de\/blog\/wp-json\/wp\/v2\/users\/1"}],"replies":[{"embeddable":true,"href":"http:\/\/www.nicis-kreative-inspirationen.de\/blog\/wp-json\/wp\/v2\/comments?post=9"}],"version-history":[{"count":6,"href":"http:\/\/www.nicis-kreative-inspirationen.de\/blog\/wp-json\/wp\/v2\/pages\/9\/revisions"}],"predecessor-version":[{"id":7540,"href":"http:\/\/www.nicis-kreative-inspirationen.de\/blog\/wp-json\/wp\/v2\/pages\/9\/revisions\/7540"}],"wp:attachment":[{"href":"http:\/\/www.nicis-kreative-inspirationen.de\/blog\/wp-json\/wp\/v2\/media?parent=9"}],"curies":[{"name":"wp","href":"https:\/\/api.w.org\/{rel}","templated":true}]}}