{"id":71,"date":"2020-03-11T18:05:58","date_gmt":"2020-03-11T17:05:58","guid":{"rendered":"http:\/\/www.federnleicht.de\/blog\/?page_id=71"},"modified":"2021-12-29T12:34:46","modified_gmt":"2021-12-29T11:34:46","slug":"impressum","status":"publish","type":"page","link":"http:\/\/www.nicis-kreative-inspirationen.de\/blog\/impressum\/","title":{"rendered":"Impressum"},"content":{"rendered":"\n<p><strong>Inhaltlich verantwortlich gem\u00e4\u00df \u00a7 5 Telemediengesetz (TMG):<\/strong><\/p>\n\n\n\n<p>Nicole Eisfeld<br>Friedensstra\u00dfe 26<br>39393 Wackersleben<\/p>\n\n\n\n<p>Email: info@nicis-kreative-inspirationen.de<\/p>\n\n\n\n<p>Tel.: 039401 \u2013 637428<br>Mobil.: 0151\/56427132<\/p>\n\n\n\n<p>Das Impressum gilt auch f\u00fcr folgende Social Media Profile:<\/p>\n\n\n\n<p>Facebook: https:\/\/www.facebook.com\/stempelliebefedernleicht<\/p>\n\n\n<p>[gzd_complaints]<\/p>\n\n\n\n<p><strong>1. Inhalt des Onlineangebotes<\/strong><br>Der  Autor \u00fcbernimmt keinerlei Gew\u00e4hr f\u00fcr die Aktualit\u00e4t, Korrektheit,  Vollst\u00e4ndigkeit oder Qualit\u00e4t der bereitgestellten Informationen.  Haftungsanspr\u00fcche gegen den Autor, welche sich auf Sch\u00e4den materieller  oder ideeller Art beziehen, die durch die Nutzung oder Nichtnutzung der  dargebotenen Informationen bzw. durch die Nutzung fehlerhafter und  unvollst\u00e4ndiger Informationen verursacht wurden, sind grunds\u00e4tzlich  ausgeschlossen, sofern seitens des Autors kein nachweislich  vors\u00e4tzliches oder grob fahrl\u00e4ssiges Verschulden vorliegt.<br>Alle  Angebote sind freibleibend und unverbindlich. Der Autor beh\u00e4lt sich  ausdr\u00fccklich vor, Teile der Seiten oder das gesamte Angebot ohne  besonderte Ank\u00fcndigung zu ver\u00e4ndern, zu erg\u00e4nzen, zu l\u00f6schen oder die  Ver\u00f6ffentlichung zeitweise bzw. endg\u00fcltig einzustellen.<\/p>\n\n\n\n<p><strong>2. Verweise und Links<\/strong><br>Bei  direkten oder indirekten Verweisen auf fremde Webseiten, den sogenannten \u201dHyperlinks\u201d,  die au\u00dferhalb des Verantwortungsbereiches des Autors liegen, w\u00fcrde eine  Haftungsverpflichtung ausschlie\u00dflich in dem Fall in Kraft treten, in  dem der Autor von den Inhalten Kenntnis hat und es ihm technisch m\u00f6glich  und zumutbar w\u00e4re, die Nutzung im Falle rechtswidriger Inhalte zu  verhindern.<br>Der Autor erkl\u00e4rt hiermit ausdr\u00fccklich, dass zum  Zeitpunkt der Linksetzung keine illegalen Inhalte auf den zu  verlinkenden Seiten erkennbar waren. Auf die aktuelle und zuk\u00fcnftige  Gestaltung, die Inhalte oder die Urheberschaft der  verlinkten Seiten hat der Autor keinerlei Einfluss. Deshalb  distanziert er sich hiermit ausdr\u00fccklich von allen Inhalten aller  verlinkten  Seiten, die nach der Linksetzung ver\u00e4ndert  wurden. Diese Feststellung gilt f\u00fcr alle innerhalb des eigenen  Internetangebotes gesetzten Links und Verweise sowie f\u00fcr Fremdeintr\u00e4ge  in vom Autor eingerichteten G\u00e4steb\u00fcchern, Diskussionsforen,  Linkverzeichnissen, Mailinglisten und in allen anderen Formen von  Datenbanken, auf deren Inhalt externe Schreibzugriffe m\u00f6glich sind. F\u00fcr  illegale, fehlerhafte oder unvollst\u00e4ndige Inhalte und insbesondere f\u00fcr  Sch\u00e4den, die aus der Nutzung oder Nichtnutzung solcherart dargebotener  Informationen entstehen, haftet allein der Anbieter der Seite, auf  welche verwiesen wurde, nicht derjenige, der \u00fcber Links auf die  jeweilige Ver\u00f6ffentlichung lediglich verweist.<\/p>\n\n\n\n<p><strong>3. Urheber- und Kennzeichenrecht<\/strong><br>Der  Autor ist bestrebt, in allen Ver\u00f6ffentlichungen die Urheberrechte der  verwendeten Bilder, Grafiken, Tondokumente, Videosequenzen und Texte zu  beachten, von ihm selbst erstellte Bilder, Grafiken, Tondokumente,  Videosequenzen und Texte zu nutzen oder auf lizenzfreie Grafiken,  Tondokumente, Videosequenzen und Texte zur\u00fcckzugreifen.<br>Alle  innerhalb des Internetangebotes genannten und ggf. durch Dritte  gesch\u00fctzten Marken- und Warenzeichen unterliegen uneingeschr\u00e4nkt den  Bestimmungen des jeweils g\u00fcltigen Kennzeichenrechts und den  Besitzrechten der jeweiligen eingetragenen Eigent\u00fcmer. Allein aufgrund  der blo\u00dfen Nennung ist nicht der Schluss zu ziehen, dass Markenzeichen  nicht durch Rechte Dritter gesch\u00fctzt sind!<br>Das Copyright f\u00fcr  ver\u00f6ffentlichte, vom Autor selbst erstellte Objekte bleibt allein beim  Autor der Seiten. Eine Vervielf\u00e4ltigung oder Verwendung solcher  Grafiken, Tondokumente, Videosequenzen und Texte in anderen  elektronischen oder gedruckten Ver\u00f6ffentlichungenist ohne ausdr\u00fcckliche  Zustimmung des Autors nicht gestattet.<\/p>\n\n\n\n<p><strong>4. Datenschutz<\/strong><br>Alle Informationen zum Datenschutz sind in der <a href=\"http:\/\/www.federnleicht.de\/blog\/datenschutzerklaerung\/\" target=\"_blank\" rel=\"noreferrer noopener\" aria-label=\"Datenschutzerkl\u00e4rung  (opens in a new tab)\">Datenschutzerkl\u00e4rung <\/a>meiner Internetpr\u00e4senz zu finden.<\/p>\n\n\n\n<p><strong>5. Rechtswirksamkeit dieses Haftungsausschlusses<\/strong><br>Dieser\n Haftungsausschluss ist als Teil des Internetangebotes zu betrachten, \nvon dem aus auf diese Seite verwiesen wurde. Sofern Teile oder einzelne \nFormulierungen dieses Textes der geltenden Rechtslage nicht, nicht mehr \noder nicht vollst\u00e4ndig entsprechen sollten, bleiben die \u00fcbrigen Teile \ndes Dokumentes in ihrem Inhalt und ihrer G\u00fcltigkeit davon unber\u00fchrt.<\/p>\n","protected":false},"excerpt":{"rendered":"<p>Inhaltlich verantwortlich gem\u00e4\u00df \u00a7 5 Telemediengesetz (TMG): Nicole EisfeldFriedensstra\u00dfe 2639393 Wackersleben Email: info@nicis-kreative-inspirationen.de Tel.: 039401 \u2013 637428Mobil.: 0151\/56427132 Das Impressum gilt auch f\u00fcr folgende Social Media Profile: Facebook: https:\/\/www.facebook.com\/stempelliebefedernleicht 1. Inhalt des OnlineangebotesDer Autor \u00fcbernimmt keinerlei Gew\u00e4hr f\u00fcr die Aktualit\u00e4t, Korrektheit, Vollst\u00e4ndigkeit oder Qualit\u00e4t der bereitgestellten Informationen. Haftungsanspr\u00fcche gegen den Autor, welche sich auf Sch\u00e4den &hellip; <\/p>\n","protected":false},"author":1,"featured_media":0,"parent":0,"menu_order":0,"comment_status":"closed","ping_status":"closed","template":"","meta":[],"_links":{"self":[{"href":"http:\/\/www.nicis-kreative-inspirationen.de\/blog\/wp-json\/wp\/v2\/pages\/71"}],"collection":[{"href":"http:\/\/www.nicis-kreative-inspirationen.de\/blog\/wp-json\/wp\/v2\/pages"}],"about":[{"href":"http:\/\/www.nicis-kreative-inspirationen.de\/blog\/wp-json\/wp\/v2\/types\/page"}],"author":[{"embeddable":true,"href":"http:\/\/www.nicis-kreative-inspirationen.de\/blog\/wp-json\/wp\/v2\/users\/1"}],"replies":[{"embeddable":true,"href":"http:\/\/www.nicis-kreative-inspirationen.de\/blog\/wp-json\/wp\/v2\/comments?post=71"}],"version-history":[{"count":7,"href":"http:\/\/www.nicis-kreative-inspirationen.de\/blog\/wp-json\/wp\/v2\/pages\/71\/revisions"}],"predecessor-version":[{"id":7187,"href":"http:\/\/www.nicis-kreative-inspirationen.de\/blog\/wp-json\/wp\/v2\/pages\/71\/revisions\/7187"}],"wp:attachment":[{"href":"http:\/\/www.nicis-kreative-inspirationen.de\/blog\/wp-json\/wp\/v2\/media?parent=71"}],"curies":[{"name":"wp","href":"https:\/\/api.w.org\/{rel}","templated":true}]}}