{"id":3,"date":"2020-03-08T15:36:57","date_gmt":"2020-03-08T14:36:57","guid":{"rendered":"http:\/\/www.federnleicht.de\/blog\/?page_id=3"},"modified":"2021-12-29T12:02:00","modified_gmt":"2021-12-29T11:02:00","slug":"datenschutzerklaerung","status":"publish","type":"page","link":"http:\/\/www.nicis-kreative-inspirationen.de\/blog\/datenschutzerklaerung\/","title":{"rendered":"Datenschutzerkl\u00e4rung"},"content":{"rendered":"\n<p> Diese Datenschutzrichtlinie regelt die Art und Weise, in der  http:\/\/www.nicis-kreative-inspirationen.de von Nutzern (jeweils ein \u201eNutzer\u201c) der  Website (\u201cSite\u201d)  http:\/\/www.nicis-kreative-inspirationen.de gesammelte Informationen sammelt,  verwendet, pflegt und weitergibt. <\/p>\n\n\n\n<p>Pers\u00f6nliche Identifikationsinformationen<\/p>\n\n\n\n<p>Wir k\u00f6nnen personenbezogene Daten von Benutzern auf verschiedene \nWeise erfassen, unter anderem, wenn Benutzer unsere Website besuchen, \nein Formular ausf\u00fcllen und in Verbindung mit anderen Aktivit\u00e4ten, \nDiensten, Funktionen oder Ressourcen, die wir auf unserer Website zur \nVerf\u00fcgung stellen . Benutzer k\u00f6nnen gegebenenfalls nach Name, \nE-Mail-Adresse und Telefonnummer gefragt werden. Benutzer k\u00f6nnen unsere \nWebsite jedoch anonym besuchen. Wir werden personenbezogene \nIdentifikationsdaten von Benutzern nur dann erheben, wenn sie uns diese \nInformationen freiwillig \u00fcbermitteln. Benutzer k\u00f6nnen sich jederzeit \nweigern, personenbezogene Daten anzugeben, es sei denn, dies hindert sie\n m\u00f6glicherweise daran, bestimmte Aktivit\u00e4ten im Zusammenhang mit der \nWebsite auszuf\u00fchren.<\/p>\n\n\n\n<p>Nicht personenbezogene Identifikationsinformationen<\/p>\n\n\n\n<p>Wir k\u00f6nnen nicht personenbezogene Identifikationsdaten \u00fcber Benutzer \nsammeln, wenn diese mit unserer Website interagieren. Nicht \npersonenbezogene Identifikationsinformationen k\u00f6nnen den Browsernamen, \nden Computertyp und technische Informationen zu den Verbindungsmitteln \nder Benutzer zu unserer Site wie das Betriebssystem und die verwendeten \nInternetdienstanbieter sowie andere \u00e4hnliche Informationen umfassen.<\/p>\n\n\n\n<p>Webbrowser-Cookies<\/p>\n\n\n\n<p>Unsere Website verwendet m\u00f6glicherweise \u201eCookies\u201c, um die \nBenutzerfreundlichkeit zu verbessern. Der Webbrowser des Benutzers \nspeichert Cookies auf seiner Festplatte, um Aufzeichnungen zu f\u00fchren und\n manchmal Informationen \u00fcber sie zu verfolgen. Der Benutzer kann \nfestlegen, dass sein Webbrowser Cookies ablehnt oder Sie benachrichtigt,\n wenn Cookies gesendet werden. Beachten Sie in diesem Fall, dass einige \nTeile der Website m\u00f6glicherweise nicht ordnungsgem\u00e4\u00df funktionieren.<\/p>\n\n\n\n<p>Wie wir gesammelte Informationen verwenden<\/p>\n\n\n\n<p>http:\/\/www.nicis-kreative-inspirationen.de kann personenbezogene Daten des Nutzers f\u00fcr folgende Zwecke sammeln und verwenden:<br> <br> Um unsere Site zu betreiben und zu betreiben<\/p>\n\n\n\n<p><br> M\u00f6glicherweise m\u00fcssen Ihre Informationen auf der Website korrekt angezeigt werden.<\/p>\n\n\n\n<p><br> Um den Kundenservice zu verbessern<\/p>\n\n\n\n<p><br> Mit den von Ihnen angegebenen Informationen k\u00f6nnen wir Ihre Kundenanfragen und Supportanforderungen effizienter beantworten.<br> Um unsere Seite zu verbessern<\/p>\n\n\n\n<p><br> M\u00f6glicherweise verwenden wir Ihr Feedback, um unsere Produkte und Dienstleistungen zu verbessern.<\/p>\n\n\n\n<p><br> So senden Sie regelm\u00e4\u00dfig E-Mails<\/p>\n\n\n\n<p><br> Wir k\u00f6nnen die E-Mail-Adresse verwenden, um auf ihre Anfragen, Fragen und \/ oder sonstigen Anfragen zu antworten.<\/p>\n\n\n\n<p><br> Wie wir Ihre Daten sch\u00fctzen<\/p>\n\n\n\n<p>http:\/\/www.nicis-kreative-inspirationen.de beh\u00e4lt sich das Recht vor, diese  Datenschutzerkl\u00e4rung jederzeit zu aktualisieren. Wenn wir dies tun,  senden wir Ihnen eine E-Mail. Wir empfehlen Benutzern, diese Seite  regelm\u00e4\u00dfig auf \u00c4nderungen zu \u00fcberpr\u00fcfen, um dar\u00fcber informiert zu  bleiben, wie wir zum Schutz der von uns erfassten pers\u00f6nlichen Daten  beitragen. Sie erkennen an und stimmen zu, dass es in Ihrer  Verantwortung liegt, diese Datenschutzrichtlinie regelm\u00e4\u00dfig zu  \u00fcberpr\u00fcfen und auf \u00c4nderungen aufmerksam zu machen.<\/p>\n\n\n\n<p>Ihre Zustimmung zu diesen Bedingungen<\/p>\n\n\n\n<p>Durch die Nutzung dieser Website erkl\u00e4ren Sie Ihr Einverst\u00e4ndnis mit  dieser Richtlinie. Wenn Sie dieser Richtlinie nicht zustimmen, d\u00fcrfen  Sie unsere Website nicht nutzen. Ihre fortgesetzte Nutzung der Website  nach der Ver\u00f6ffentlichung von \u00c4nderungen an dieser Richtlinie gilt als  Ihre Zustimmung zu diesen \u00c4nderungen. <\/p>\n\n\n\n<p>Uns kontaktieren<\/p>\n\n\n\n<p>Wenn Sie Fragen zu dieser Datenschutzrichtlinie, den Praktiken dieser  Website oder Ihrem Umgang mit dieser Website haben, wenden Sie sich  bitte an uns.<\/p>\n\n\n\n<p>Stand Dezember 2021<\/p>\n","protected":false},"excerpt":{"rendered":"<p>Diese Datenschutzrichtlinie regelt die Art und Weise, in der http:\/\/www.nicis-kreative-inspirationen.de von Nutzern (jeweils ein \u201eNutzer\u201c) der Website (\u201cSite\u201d) http:\/\/www.nicis-kreative-inspirationen.de gesammelte Informationen sammelt, verwendet, pflegt und weitergibt. Pers\u00f6nliche Identifikationsinformationen Wir k\u00f6nnen personenbezogene Daten von Benutzern auf verschiedene Weise erfassen, unter anderem, wenn Benutzer unsere Website besuchen, ein Formular ausf\u00fcllen und in Verbindung mit anderen Aktivit\u00e4ten, Diensten, &hellip; <\/p>\n","protected":false},"author":1,"featured_media":0,"parent":0,"menu_order":0,"comment_status":"closed","ping_status":"open","template":"","meta":[],"_links":{"self":[{"href":"http:\/\/www.nicis-kreative-inspirationen.de\/blog\/wp-json\/wp\/v2\/pages\/3"}],"collection":[{"href":"http:\/\/www.nicis-kreative-inspirationen.de\/blog\/wp-json\/wp\/v2\/pages"}],"about":[{"href":"http:\/\/www.nicis-kreative-inspirationen.de\/blog\/wp-json\/wp\/v2\/types\/page"}],"author":[{"embeddable":true,"href":"http:\/\/www.nicis-kreative-inspirationen.de\/blog\/wp-json\/wp\/v2\/users\/1"}],"replies":[{"embeddable":true,"href":"http:\/\/www.nicis-kreative-inspirationen.de\/blog\/wp-json\/wp\/v2\/comments?post=3"}],"version-history":[{"count":4,"href":"http:\/\/www.nicis-kreative-inspirationen.de\/blog\/wp-json\/wp\/v2\/pages\/3\/revisions"}],"predecessor-version":[{"id":7176,"href":"http:\/\/www.nicis-kreative-inspirationen.de\/blog\/wp-json\/wp\/v2\/pages\/3\/revisions\/7176"}],"wp:attachment":[{"href":"http:\/\/www.nicis-kreative-inspirationen.de\/blog\/wp-json\/wp\/v2\/media?parent=3"}],"curies":[{"name":"wp","href":"https:\/\/api.w.org\/{rel}","templated":true}]}}