{"id":282,"date":"2020-03-17T23:51:39","date_gmt":"2020-03-17T22:51:39","guid":{"rendered":"http:\/\/www.federnleicht.de\/blog\/?page_id=282"},"modified":"2021-12-29T11:57:54","modified_gmt":"2021-12-29T10:57:54","slug":"agb","status":"publish","type":"page","link":"http:\/\/www.nicis-kreative-inspirationen.de\/blog\/agb\/","title":{"rendered":"AGB"},"content":{"rendered":"\n<h2>\n\t\t\tAGB &#8211; Allgemeine Gesch\u00e4ftsbedingungen\t\t<\/h2>\n\n\n<p>[gzd_complaints]<\/p>\n\n\n\n<h3>Allgemeine Gesch\u00e4ftsbedingungen von \u201eNicis kreative Inspirationen\u201c<\/h3>\n\n\n\n<h4>\u00a7 1 \u2013 Anbieter, Einbeziehung der AGB<\/h4>\n\n\n\n<p>(1) Anbieter und Vertragspartner f\u00fcr die auf <a href=\"http:\/\/www.nicis-kreative-inspirationen.de\">www.nicis-kreative-inspirationen.de<\/a> dargestellten Waren ist Nicole Eisfeld, Friedensstra\u00dfe 26, 39393 Wackersleben(im folgenden kurz \u201eAnbieter\u201c).<\/p>\n\n\n\n<p>(2) Diese allgemeinen Gesch\u00e4ftsbedingungen sind Bestandteil jeder \nvertraglichen Vereinbarung zwischen dem Anbieter und dem jeweiligen \nBesteller. Entgegenstehenden AGB des Bestellers wird widersprochen.<\/p>\n\n\n\n<h4>\u00a7 2 \u2013 Warenangebot und Vertragsschluss<\/h4>\n\n\n\n<p>(1) Der Anbieter bietet die auf <a href=\"http:\/\/www.nicis-kreative-inspirationen.de\">www.nicis-krea<\/a><a href=\"http:\/\/www.federnleicht.de\">tive-inspirationen.de<\/a> dargestellten Produkte zum Kauf an. Die farbliche Darstellung der  Artikel auf der Internetseite kann je nach verwendetem Internetbrowser  und Monitoreinstellungen des Bestellers geringf\u00fcgig variieren; diese  Abweichungen sind technisch nie ganz vermeidbar.<\/p>\n\n\n\n<p>(2) Warenauswahl, Vertragsschluss und Vertragsabwicklung erfolgen in deutscher Sprache.<\/p>\n\n\n\n<p>(3) Der Anbieter verkauft ausschlie\u00dflich an Kunden innerhalb Deutschlands.<\/p>\n\n\n\n<p>(4) Der Besteller w\u00e4hlt die gew\u00fcnschte Ware aus, indem er sie in den  &#8222;Warenkorb&#8220; legt bzw. \u00fcber das auf den Seiten zur Verf\u00fcgung gestellten Bestellformular \u00fcbermittelt. Sind dort alle gew\u00fcnschten Waren enthalten, best\u00e4tigt  der Besteller dies mit dem Button \u201eZur Kasse gehen\u201c bzw. beim Bestellformular &#8222;Bestellung abschicken&#8220; Die Folgeseite im Shop  zeigt dem Besteller eine Zusammenfassung aller seiner Eingaben. Der  Bestellwunsch kann auf dieser Seite \u00fcber den Button &#8222;Bestellung  abschicken&#8220; an den Anbieter \u00fcbermittelt werden. Bei Bestellung \u00fcber das Bestellformular pr\u00fcft der Anbieter die Verf\u00fcgbarkeit der Produkte und \u00fcbersendet dem Besteller eine Rechnung Der Besteller hat bis  zur Absendung seines Bestellwunsches jederzeit die M\u00f6glichkeit, die im  Rahmen der Bestellung angegebenen Daten einzusehen und zu \u00e4ndern oder  die Bestellung ganz abzubrechen.<\/p>\n\n\n\n<p>(5) F\u00fcr die\u00a0auf  <a href=\"http:\/\/www.nicis-kreative-inspirationen.de\">www.nicis-<\/a><a href=\"http:\/\/www.federnleicht.de\">kreative-inspirationen.de<\/a>  dargestellten Artikel gibt der Anbieter ein verbindliches Kaufangebot  ab. Mit der Absendung des Bestellwunsches \u00fcber den Button \u201eBestellung  abschicken\u201c nimmt der Besteller das Kaufangebot an. Der Anbieter  best\u00e4tigt den Vertragsschluss per E-Mail (Vertragsbest\u00e4tigung).<\/p>\n\n\n\n<p>(6) Bei Lieferhindernissen oder anderen Umst\u00e4nden, die der \nVertragserf\u00fcllung entgegenstehen w\u00fcrden, informiert der Anbieter den \nBesteller per E-Mail. Eine Teillieferung erfolgt nur nach Zustimmung \ndurch den Besteller.<\/p>\n\n\n\n<h4>\u00a7 3 \u2013 Preise und Bezahlung<\/h4>\n\n\n\n<p>(1) Alle Produktpreise verstehen sich als Endpreise zzgl. Versandkosten.<\/p>\n\n\n\n<p>(2) Die Versandkosten sind bei der jeweiligen Produktbeschreibung verlinkt und werden noch einmal im Warenkorb aufgef\u00fchrt. Bei Bestellung \u00fcber das Bestellformular erh\u00e4lt der Besteller nach Verf\u00fcgbarkeitspr\u00fcfung ein Kaufangebot per E-Mail, welches er annehmen kann.<\/p>\n\n\n\n<p>(3) Der Anbieter liefert nach Wahl des Bestellers gegen Vorkasse per  Bank\u00fcberweisung . Mit der  Vertragsbest\u00e4tigung (\u00a7 2 Abs. 5) erh\u00e4lt der Besteller per E-Mail die  weitere Informationen zur Kaufabwicklung sowie die Rechnung.<\/p>\n\n\n\n<p>(4) F\u00fcr Vorkasse-Bestellungen gilt eine Zahlungsfrist von 14 Tagen  ab Zugang der Vertragsbest\u00e4tigung. Der Anbieter legt die gew\u00fcnschte  Ware w\u00e4hrend der Dauer der Zahlungsfrist f\u00fcr den Besteller zur\u00fcck. Es  obliegt dem Besteller, seine Zahlung so rechtzeitig zu bewirken, dass  sie beim Anbieter innerhalb der Frist eingeht. Der Anbieter beh\u00e4lt sich  das Recht vor, vom Kaufvertrag zur\u00fcckzutreten und die Ware anderweitig  zu verkaufen, wenn die Zahlung bis Ablauf der Frist nicht eingegangen  ist. Eine nach R\u00fccktritt eingehende Zahlung des Bestellers wird dem  Besteller erstattet.<\/p>\n\n\n\n<h4>\u00a7 4 \u2013 Versand, Lieferfristen<\/h4>\n\n\n\n<p>(1) Der Anbieter \u00fcbergibt die zu liefernde Ware innerhalb von zwei \nbis f\u00fcnf Werktagen ab vollst\u00e4ndigem Zahlungseingang an das \nVersandunternehmen.<\/p>\n\n\n\n<p>(2) Das Versandunternehmen ben\u00f6tigt f\u00fcr die Zustellung ca. 3 &#8211; 7 Werktage  ab \u00dcbergabe durch den Anbieter, soweit in der Artikelbeschreibung nicht  abweichend angegeben. Versand erfolgt als Warensendung, Maxibrief mit der deutschen Post oder P\u00e4ckchen\/Paket.<\/p>\n\n\n\n<p>(3) Wenn die Lieferung an den Besteller fehlschl\u00e4gt, weil der \nBesteller die Lieferadresse falsch oder unvollst\u00e4ndig angegeben hat, \nerfolgt ein erneuter Zustellversuch nur, wenn der Besteller die Kosten \nf\u00fcr den erneuten Versand \u00fcbernimmt. Die erneuten Versandkosten \nentsprechen den bei Vertragsschluss vereinbarten Versandkosten. Der \nAnbieter wird dazu dem Besteller die erforderlichen Kosten einer \nerneuten Zustellung per E-Mail mitteilen. Ein erneuter Versand erfolgt \nerst nach Zahlungseingang dieser Kosten.<\/p>\n\n\n\n<p>(4) Bei rein digitalen Waren (z.B Anleitungen oder Online Workshops) erfolgt die Freischaltung  f\u00fcr den Inhalt bzw. der Zugriff auf die Anleitungen innerhalb von zwei bis  f\u00fcnf Werktagen ab vollst\u00e4ndigem Zahlungseingang.<\/p>\n\n\n\n<h4>\u00a7 5 \u2013 R\u00fccksendung von Waren als Verbraucher<\/h4>\n\n\n\n<p>(1) Bestellern, die als Verbraucher (\u00a7 13 BGB) einkaufen, steht ein  Widerrufsrecht gem\u00e4\u00df den gesetzlichen Voraussetzungen zu (\u00a7\u00a7 312d, 355  BGB). Einzelheiten hierzu k\u00f6nnen der <a href=\"http:\/\/www.federnleicht.de\/blog\/widerrufsbelehrung\/\">Widerrufsbelehrung<\/a> entnommen werden.<\/p>\n\n\n\n<p>(2) Ist der Besteller Verbraucher, vereinbaren die \nKaufvertragsparteien f\u00fcr den Fall der Aus\u00fcbung des Widerrufsrechts, dass\n der Besteller die regelm\u00e4\u00dfigen Kosten der R\u00fccksendung tr\u00e4gt, wenn die \ngelieferte Ware der bestellten entspricht und wenn der Preis der \nzur\u00fcckzusendenden Sache einen Betrag von 40 Euro nicht \u00fcbersteigt oder \nwenn der Besteller bei einem h\u00f6heren Preis der Sache zum Zeitpunkt des \nWiderrufs noch nicht die Gegenleistung oder eine vertraglich vereinbarte\n Teilzahlung erbracht hat.<\/p>\n\n\n\n<p>(3) Soweit der Besteller die R\u00fccksendekosten zu tragen hat, k\u00f6nnen \nder vom Anbieter zu erstattende Geldbetrag und die vom Besteller zu \nerstattenden R\u00fccksendekosten miteinander verrechnet werden.<\/p>\n\n\n\n<p>(4) N\u00e4here Informationen zum Widerrufsrecht ergeben sich aus der Widerrufsbelehrung des Verk\u00e4ufers.<\/p>\n\n\n\n<h4>\u00a7 6 \u2013 Gew\u00e4hrleistung<\/h4>\n\n\n\n<p>Die Gew\u00e4hrleistungsrechte des Bestellers richten sich nach den gesetzlichen Vorschriften.<\/p>\n\n\n\n<h4>\u00a7 7 \u2013 Schlussbestimmungen<\/h4>\n\n\n\n<p>(1) Der Anbieter erhebt und verarbeitet die vom Besteller im Rahmen \nseines Einkaufs eingegebenen Daten zum Zwecke der Vertragsbearbeitung \nund -erf\u00fcllung. Soweit der Besteller f\u00fcr die Bezahlung seines Einkaufs \nden Dienst von PayPal benutzt, gelten f\u00fcr den Zahlungsvorgang die \nPayPal-Datenschutzbestimmungen. PayPal wird dabei als Erf\u00fcllungsgehilfe \ndes Bestellers t\u00e4tig, nicht des Anbieters.<\/p>\n\n\n\n<p>(2) Sollten sich einzelne Bestimmungen dieser allgemeinen  Gesch\u00e4ftsbedingungen als unwirksam oder undurchf\u00fchrbar erweisen, so  ber\u00fchrt dies nicht die Wirksamkeit der \u00fcbrigen Bestimmungen.<\/p>\n\n\n\n<p> Stand Dezember 2021<\/p>\n","protected":false},"excerpt":{"rendered":"<p>AGB &#8211; Allgemeine Gesch\u00e4ftsbedingungen Allgemeine Gesch\u00e4ftsbedingungen von \u201eNicis kreative Inspirationen\u201c \u00a7 1 \u2013 Anbieter, Einbeziehung der AGB (1) Anbieter und Vertragspartner f\u00fcr die auf www.nicis-kreative-inspirationen.de dargestellten Waren ist Nicole Eisfeld, Friedensstra\u00dfe 26, 39393 Wackersleben(im folgenden kurz \u201eAnbieter\u201c). (2) Diese allgemeinen Gesch\u00e4ftsbedingungen sind Bestandteil jeder vertraglichen Vereinbarung zwischen dem Anbieter und dem jeweiligen Besteller. Entgegenstehenden AGB &hellip; <\/p>\n","protected":false},"author":1,"featured_media":0,"parent":0,"menu_order":0,"comment_status":"closed","ping_status":"closed","template":"","meta":[],"_links":{"self":[{"href":"http:\/\/www.nicis-kreative-inspirationen.de\/blog\/wp-json\/wp\/v2\/pages\/282"}],"collection":[{"href":"http:\/\/www.nicis-kreative-inspirationen.de\/blog\/wp-json\/wp\/v2\/pages"}],"about":[{"href":"http:\/\/www.nicis-kreative-inspirationen.de\/blog\/wp-json\/wp\/v2\/types\/page"}],"author":[{"embeddable":true,"href":"http:\/\/www.nicis-kreative-inspirationen.de\/blog\/wp-json\/wp\/v2\/users\/1"}],"replies":[{"embeddable":true,"href":"http:\/\/www.nicis-kreative-inspirationen.de\/blog\/wp-json\/wp\/v2\/comments?post=282"}],"version-history":[{"count":11,"href":"http:\/\/www.nicis-kreative-inspirationen.de\/blog\/wp-json\/wp\/v2\/pages\/282\/revisions"}],"predecessor-version":[{"id":7173,"href":"http:\/\/www.nicis-kreative-inspirationen.de\/blog\/wp-json\/wp\/v2\/pages\/282\/revisions\/7173"}],"wp:attachment":[{"href":"http:\/\/www.nicis-kreative-inspirationen.de\/blog\/wp-json\/wp\/v2\/media?parent=282"}],"curies":[{"name":"wp","href":"https:\/\/api.w.org\/{rel}","templated":true}]}}